{"id":15,"date":"2022-07-11T16:10:03","date_gmt":"2022-07-11T16:10:03","guid":{"rendered":"https:\/\/newworkculture.erasmus.site\/?page_id=15"},"modified":"2024-04-22T15:12:17","modified_gmt":"2024-04-22T15:12:17","slug":"home","status":"publish","type":"page","link":"https:\/\/newworkculture.erasmus.site\/pl\/","title":{"rendered":"Home"},"content":{"rendered":"\t\t<div data-elementor-type=\"wp-page\" data-elementor-id=\"15\" class=\"elementor elementor-15\">\n\t\t\t\t\t\t<section class=\"elementor-section elementor-top-section elementor-element elementor-element-b25ff95 elementor-section-height-full elementor-section-boxed elementor-section-height-default elementor-section-items-middle\" data-id=\"b25ff95\" data-element_type=\"section\" data-e-type=\"section\" data-settings=\"{&quot;background_background&quot;:&quot;classic&quot;}\">\n\t\t\t\t\t\t<div class=\"elementor-container elementor-column-gap-default\">\n\t\t\t\t\t<div class=\"elementor-column elementor-col-100 elementor-top-column elementor-element elementor-element-7ca8772 elementor-invisible\" data-id=\"7ca8772\" data-element_type=\"column\" data-e-type=\"column\" data-settings=\"{&quot;animation&quot;:&quot;fadeIn&quot;}\">\n\t\t\t<div class=\"elementor-widget-wrap elementor-element-populated\">\n\t\t\t\t\t\t<div class=\"elementor-element elementor-element-167bff6 elementor-widget elementor-widget-image\" data-id=\"167bff6\" data-element_type=\"widget\" data-e-type=\"widget\" data-widget_type=\"image.default\">\n\t\t\t\t<div class=\"elementor-widget-container\">\n\t\t\t\t\t\t\t\t\t\t\t\t\t\t\t<img fetchpriority=\"high\" decoding=\"async\" width=\"686\" height=\"218\" src=\"https:\/\/newworkculture.erasmus.site\/wp-content\/uploads\/2022\/07\/Logo_Final_2.png\" class=\"attachment-large size-large wp-image-32\" alt=\"\" srcset=\"https:\/\/newworkculture.erasmus.site\/wp-content\/uploads\/2022\/07\/Logo_Final_2.png 686w, https:\/\/newworkculture.erasmus.site\/wp-content\/uploads\/2022\/07\/Logo_Final_2-300x95.png 300w\" sizes=\"(max-width: 686px) 100vw, 686px\" \/>\t\t\t\t\t\t\t\t\t\t\t\t\t\t\t<\/div>\n\t\t\t\t<\/div>\n\t\t\t\t\t<\/div>\n\t\t<\/div>\n\t\t\t\t\t<\/div>\n\t\t<\/section>\n\t\t\t\t<section class=\"elementor-section elementor-top-section elementor-element elementor-element-55e6bb4 elementor-section-height-min-height elementor-section-boxed elementor-section-height-default elementor-section-items-middle\" data-id=\"55e6bb4\" data-element_type=\"section\" data-e-type=\"section\" data-settings=\"{&quot;background_background&quot;:&quot;classic&quot;}\">\n\t\t\t\t\t\t<div class=\"elementor-container elementor-column-gap-default\">\n\t\t\t\t\t<div class=\"elementor-column elementor-col-100 elementor-top-column elementor-element elementor-element-97756a8\" data-id=\"97756a8\" data-element_type=\"column\" data-e-type=\"column\">\n\t\t\t<div class=\"elementor-widget-wrap elementor-element-populated\">\n\t\t\t\t\t\t<div class=\"elementor-element elementor-element-b78ea76 elementor-widget elementor-widget-menu-anchor\" data-id=\"b78ea76\" data-element_type=\"widget\" data-e-type=\"widget\" data-widget_type=\"menu-anchor.default\">\n\t\t\t\t<div class=\"elementor-widget-container\">\n\t\t\t\t\t\t\t<div class=\"elementor-menu-anchor\" id=\"about\"><\/div>\n\t\t\t\t\t\t<\/div>\n\t\t\t\t<\/div>\n\t\t\t\t<div class=\"elementor-element elementor-element-d718fc3 elementor-widget elementor-widget-heading\" data-id=\"d718fc3\" data-element_type=\"widget\" data-e-type=\"widget\" data-widget_type=\"heading.default\">\n\t\t\t\t<div class=\"elementor-widget-container\">\n\t\t\t\t\t<h2 class=\"elementor-heading-title elementor-size-default\">O PROJEKCIE<\/h2>\t\t\t\t<\/div>\n\t\t\t\t<\/div>\n\t\t\t\t<section class=\"elementor-section elementor-inner-section elementor-element elementor-element-1660804 elementor-section-boxed elementor-section-height-default elementor-section-height-default\" data-id=\"1660804\" data-element_type=\"section\" data-e-type=\"section\">\n\t\t\t\t\t\t<div class=\"elementor-container elementor-column-gap-default\">\n\t\t\t\t\t<div class=\"elementor-column elementor-col-50 elementor-inner-column elementor-element elementor-element-59f9717\" data-id=\"59f9717\" data-element_type=\"column\" data-e-type=\"column\" data-settings=\"{&quot;background_background&quot;:&quot;classic&quot;}\">\n\t\t\t<div class=\"elementor-widget-wrap elementor-element-populated\">\n\t\t\t\t\t\t<div class=\"elementor-element elementor-element-d285930 elementor-widget elementor-widget-heading\" data-id=\"d285930\" data-element_type=\"widget\" data-e-type=\"widget\" data-widget_type=\"heading.default\">\n\t\t\t\t<div class=\"elementor-widget-container\">\n\t\t\t\t\t<h2 class=\"elementor-heading-title elementor-size-medium\">Problem<\/h2>\t\t\t\t<\/div>\n\t\t\t\t<\/div>\n\t\t\t\t<div class=\"elementor-element elementor-element-ce80417 elementor-widget elementor-widget-text-editor\" data-id=\"ce80417\" data-element_type=\"widget\" data-e-type=\"widget\" data-widget_type=\"text-editor.default\">\n\t\t\t\t<div class=\"elementor-widget-container\">\n\t\t\t\t\t\t\t\t\t<p>Miejsca pracy staj\u0105 si\u0119 coraz bardziej elastyczne i zr\u00f3\u017cnicowane. W tym nowym \u015bwiecie pracy z szybkim post\u0119pem technologicznym, nap\u0119dzanym przez kryzys COVID 19, firmy musia\u0142y dostosowa\u0107 swoje procedury, struktury, a nawet fizyczne \u015brodowisko pracy. Praca wraz z prze\u0142omem przybra\u0142a nowy obr\u00f3t w postaci telepracy. Organizacje, trenerzy i pracownicy musz\u0105 teraz rozwa\u017cy\u0107 nowe sposoby wsp\u00f3\u0142pracy w zakresie elastyczno\u015bci w pracy. Ten projekt jest cz\u0119\u015bci\u0105 wsp\u00f3lnego celu, aby zapewni\u0107 profesjonalistom niezb\u0119dny know-how i narz\u0119dzia, aby dostosowa\u0107 si\u0119 do budowy nowej kultury pracy.<\/p>\t\t\t\t\t\t\t\t<\/div>\n\t\t\t\t<\/div>\n\t\t\t\t\t<\/div>\n\t\t<\/div>\n\t\t\t\t<div class=\"elementor-column elementor-col-50 elementor-inner-column elementor-element elementor-element-c112f52\" data-id=\"c112f52\" data-element_type=\"column\" data-e-type=\"column\" data-settings=\"{&quot;background_background&quot;:&quot;classic&quot;}\">\n\t\t\t<div class=\"elementor-widget-wrap elementor-element-populated\">\n\t\t\t\t\t\t<div class=\"elementor-element elementor-element-a9b4379 elementor-widget elementor-widget-heading\" data-id=\"a9b4379\" data-element_type=\"widget\" data-e-type=\"widget\" data-widget_type=\"heading.default\">\n\t\t\t\t<div class=\"elementor-widget-container\">\n\t\t\t\t\t<h2 class=\"elementor-heading-title elementor-size-medium\">Cel<\/h2>\t\t\t\t<\/div>\n\t\t\t\t<\/div>\n\t\t\t\t<div class=\"elementor-element elementor-element-8134186 elementor-widget elementor-widget-text-editor\" data-id=\"8134186\" data-element_type=\"widget\" data-e-type=\"widget\" data-widget_type=\"text-editor.default\">\n\t\t\t\t<div class=\"elementor-widget-container\">\n\t\t\t\t\t\t\t\t\t<p><\/p><p>NWC to projekt Erasmus +, kt\u00f3rego og\u00f3lnym celem jest budowanie zdolno\u015bci unijnych M\u015aP, specjalist\u00f3w VET i pracownik\u00f3w do wspierania transformacji cyfrowej, poprzez zapewnienie wsp\u00f3\u0142projektowania przez interesariuszy innowacyjnych rozwi\u0105za\u0144, w zakresie zarz\u0105dzania zespo\u0142em i lud\u017ami w \u015brodowisku pracy zdalnej.<\/p><p>Projekt partnerski NWC \u0142\u0105czy 7 organizacji z 7 kraj\u00f3w (Polska, Francja, Belgia, W\u0142ochy, Holandia, Cypr i Hiszpania), aby zapewni\u0107 przestrze\u0144 do refleksji i ramy szkoleniowe dotycz\u0105ce nowego i elastycznego sposobu pracy.<\/p><p>Projekt NWC opiera si\u0119 na za\u0142o\u017ceniu, \u017ce profesjonali\u015bci, pracownicy i HR musz\u0105 naby\u0107 know-how i kompetencje mi\u0119kkie, aby dostosowa\u0107 si\u0119 do zmieniaj\u0105cego si\u0119 \u015bwiata pracy.<\/p>\t\t\t\t\t\t\t\t<\/div>\n\t\t\t\t<\/div>\n\t\t\t\t\t<\/div>\n\t\t<\/div>\n\t\t\t\t\t<\/div>\n\t\t<\/section>\n\t\t\t\t\t<\/div>\n\t\t<\/div>\n\t\t\t\t\t<\/div>\n\t\t<\/section>\n\t\t\t\t<\/div>\n\t\t","protected":false},"excerpt":{"rendered":"<p>O PROJEKCIE Problem Miejsca pracy staj\u0105 si\u0119 coraz bardziej elastyczne i zr\u00f3\u017cnicowane. W tym nowym \u015bwiecie pracy z szybkim post\u0119pem technologicznym, nap\u0119dzanym przez kryzys COVID 19, firmy musia\u0142y dostosowa\u0107 swoje procedury, struktury, a nawet fizyczne \u015brodowisko pracy. Praca wraz z prze\u0142omem przybra\u0142a nowy obr\u00f3t w postaci telepracy. Organizacje, trenerzy i pracownicy musz\u0105 teraz rozwa\u017cy\u0107 nowe&hellip;&nbsp;<\/p>\n","protected":false},"author":1,"featured_media":0,"parent":0,"menu_order":0,"comment_status":"closed","ping_status":"closed","template":"page-templates\/template-pagebuilder-full-width.php","meta":{"neve_meta_sidebar":"","neve_meta_container":"","neve_meta_enable_content_width":"off","neve_meta_content_width":100,"neve_meta_title_alignment":"","neve_meta_author_avatar":"","neve_post_elements_order":"","neve_meta_disable_header":"","neve_meta_disable_footer":"","neve_meta_disable_title":"on","footnotes":""},"class_list":["post-15","page","type-page","status-publish","hentry"],"_links":{"self":[{"href":"https:\/\/newworkculture.erasmus.site\/pl\/wp-json\/wp\/v2\/pages\/15","targetHints":{"allow":["GET"]}}],"collection":[{"href":"https:\/\/newworkculture.erasmus.site\/pl\/wp-json\/wp\/v2\/pages"}],"about":[{"href":"https:\/\/newworkculture.erasmus.site\/pl\/wp-json\/wp\/v2\/types\/page"}],"author":[{"embeddable":true,"href":"https:\/\/newworkculture.erasmus.site\/pl\/wp-json\/wp\/v2\/users\/1"}],"replies":[{"embeddable":true,"href":"https:\/\/newworkculture.erasmus.site\/pl\/wp-json\/wp\/v2\/comments?post=15"}],"version-history":[{"count":61,"href":"https:\/\/newworkculture.erasmus.site\/pl\/wp-json\/wp\/v2\/pages\/15\/revisions"}],"predecessor-version":[{"id":187,"href":"https:\/\/newworkculture.erasmus.site\/pl\/wp-json\/wp\/v2\/pages\/15\/revisions\/187"}],"wp:attachment":[{"href":"https:\/\/newworkculture.erasmus.site\/pl\/wp-json\/wp\/v2\/media?parent=15"}],"curies":[{"name":"wp","href":"https:\/\/api.w.org\/{rel}","templated":true}]}}