{"id":45,"date":"2022-07-11T18:19:59","date_gmt":"2022-07-11T18:19:59","guid":{"rendered":"https:\/\/newworkculture.erasmus.site\/?page_id=45"},"modified":"2024-04-27T07:26:46","modified_gmt":"2024-04-27T07:26:46","slug":"meet-the-partners","status":"publish","type":"page","link":"https:\/\/newworkculture.erasmus.site\/it\/meet-the-partners\/","title":{"rendered":"Conosci i partner"},"content":{"rendered":"<p><img fetchpriority=\"high\" decoding=\"async\" class=\"size-full wp-image-80 aligncenter\" src=\"https:\/\/newworkculture.erasmus.site\/wp-content\/uploads\/2022\/07\/agfe.png\" alt=\"\" width=\"300\" height=\"300\" srcset=\"https:\/\/newworkculture.erasmus.site\/wp-content\/uploads\/2022\/07\/agfe.png 300w, https:\/\/newworkculture.erasmus.site\/wp-content\/uploads\/2022\/07\/agfe-150x150.png 150w\" sizes=\"(max-width: 300px) 100vw, 300px\" \/><\/p>\n<p style=\"text-align: center;\"><strong>Association de Gestion des Fonds Europ\u00e9ens \u2013 AGFE \u2013 Coordinatore del progetto<\/strong><\/p>\n<p>Piattaforma di gestione e coordinamento per le azioni dei sistemi di stakeholder locali, l\u2019AGFE \u2013 Association de Gestion des Fonds Europ\u00e9ens (Associazione della Gestione dei Fondi Europei) &#8211; punta a rafforzare la coerenza e l\u2019efficacia degli interventi pubblici nel campo della formazione, dell\u2019occupazione e dell\u2019inclusione, compreso l\u2019inglobamento dell\u2019assistenza finanziaria degli enti locali con quella proveniente dallo Stato, sostenuto dall\u2019Unione Europea in particolare attraverso il Fondo Sociale Europeo (FSE) ed Erasmus+.<\/p>\n<p>Sito web: <a href=\"https:\/\/www.agfe95.eu\/\">https:\/\/www.agfe95.eu\/<\/a><\/p>\n<p>LinkedIn: <a href=\"https:\/\/www.linkedin.com\/company\/47906054\/admin\/\">https:\/\/www.linkedin.com\/company\/47906054\/admin\/<\/a><\/p>\n<hr \/>\n<p><img decoding=\"async\" class=\"size-full wp-image-81 aligncenter\" src=\"https:\/\/newworkculture.erasmus.site\/wp-content\/uploads\/2022\/07\/bdf.png\" alt=\"\" width=\"300\" height=\"300\" srcset=\"https:\/\/newworkculture.erasmus.site\/wp-content\/uploads\/2022\/07\/bdf.png 300w, https:\/\/newworkculture.erasmus.site\/wp-content\/uploads\/2022\/07\/bdf-150x150.png 150w\" sizes=\"(max-width: 300px) 100vw, 300px\" \/><\/p>\n<p style=\"text-align: center;\"><strong>Business Development Friesland<\/strong><\/p>\n<p>BDF supporta e consiglia aziende, istituti di istruzione e individui per sviluppare carriere e opportunit\u00e0 di businesss. Attraverso la formazione e lo sviluppo di nuovi materiali di formazione, seguendo le ultime tendenze del mercato, BDF offre un supporto su misura per la crescita di imprenditori e individui. Sono coinvolti nei pi\u00f9 importanti programmi di istruzione e business della regione e hanno creato con cura la nostra rete, per diventare ci\u00f2 che sono ora: specialisti in istruzione e supporto alle imprese nella provincia del Friesland e oltre.<\/p>\n<p>Sito web: <a href=\"http:\/\/www.bdfriesland.nl\/\" target=\"_blank\" rel=\"noopener\">www.bdfriesland.nl<\/a><\/p>\n<hr \/>\n<p><img decoding=\"async\" class=\"size-full wp-image-74 aligncenter\" src=\"https:\/\/newworkculture.erasmus.site\/wp-content\/uploads\/2022\/07\/danmar.png\" alt=\"\" width=\"300\" height=\"300\" srcset=\"https:\/\/newworkculture.erasmus.site\/wp-content\/uploads\/2022\/07\/danmar.png 300w, https:\/\/newworkculture.erasmus.site\/wp-content\/uploads\/2022\/07\/danmar-150x150.png 150w\" sizes=\"(max-width: 300px) 100vw, 300px\" \/><\/p>\n<p style=\"text-align: center;\"><strong>Danmar Computers<\/strong><\/p>\n<p>Computer Danmar LLC \u00e8 una societ\u00e0 privata che opera nel campo della tecnologia dell\u2019informazione e fornisce formazione professionale in questo campo. Danmar ha una vasta esperienza nello sviluppo di moderne applicazioni web e mobili utilizzate per scopi didattici. Ha anche un\u2019esperienza a lungo termine nella realizzazione di progetti europei all\u2019interno dei quali lo staff di ricerca e sviluppo dell\u2019azienda conduce ricerche e prepara formazione su misura per le esigenze dei vari discenti. In 22 anni, Danmar ha implementato con successo oltre 100 progetti nell\u2019ambito di Grundtvig, Leonardo da Vinci, Progress and Erasmus+. In molti di questi progetti, Danmar era responsabile della progettazione e del coordinamento delle strategie di disseminazione. Danmar Computers \u00e8 lo sviluppatore e fornitore di AdminProject, il sistema online per la gestione dei progetti europei.<\/p>\n<p>Sito web: <a href=\"https:\/\/danmar-computers.com.pl\" target=\"_blank\" rel=\"noopener\">www.danmar-computers.com.pl<\/a><\/p>\n<p>Social Media:<\/p>\n<p>Facebook: <a href=\"https:\/\/www.facebook.com\/pages\/Danmar-Computers\/144597388897753\">https:\/\/www.facebook.com\/pages\/Danmar-Computers\/144597388897753<\/a><\/p>\n<p>LinkedIn: <a href=\"https:\/\/www.linkedin.com\/company\/danmar-computers\">https:\/\/www.linkedin.com\/company\/danmar-computers<\/a><\/p>\n<p>Twitter: <a href=\"https:\/\/twitter.com\/DanmarComputers\">https:\/\/twitter.com\/DanmarComputers<\/a><\/p>\n<hr \/>\n<p><img loading=\"lazy\" decoding=\"async\" class=\"size-full wp-image-78 aligncenter\" src=\"https:\/\/newworkculture.erasmus.site\/wp-content\/uploads\/2022\/07\/emphasys.png\" alt=\"\" width=\"300\" height=\"300\" srcset=\"https:\/\/newworkculture.erasmus.site\/wp-content\/uploads\/2022\/07\/emphasys.png 300w, https:\/\/newworkculture.erasmus.site\/wp-content\/uploads\/2022\/07\/emphasys-150x150.png 150w\" sizes=\"(max-width: 300px) 100vw, 300px\" \/><\/p>\n<p style=\"text-align: center;\"><strong>\u2018Emphasys Centre\u2019<\/strong><\/p>\n<p>L\u2019\u201dEmphasys Centre\u201d \u00e8 stato istituito nel 1998 e opera come \u201cCentro di istruzione, formazione TIC (IFP) e ricerca di grande successo, approvato dal Ministero dell\u2019Istruzione, della Cultura, della Giovent\u00f9 e dello Sport (MOECYS) di Cipro. \u00c8 stato istituito con l&#8217;obiettivo di offrire opportunit\u00e0 di apprendimento permanente di alta qualit\u00e0 nel campo delle TIC a studenti di tutte le et\u00e0 al fine di migliorare le loro vite, garantire l&#8217;inclusione, l&#8217;accesso e la partecipazione all&#8217;economia digitalizzata.<\/p>\n<p>Tenendo presente che &#8220;l&#8217;istruzione \u00e8 l&#8217;arma pi\u00f9 potente per salvare il mondo&#8221; (Nelson Mandela), il centro Emphasys si impegna a supportare ogni studente nella valorizzazione del proprio potenziale per raggiungere il successo nella vita.<\/p>\n<p>Il centro Emphasys comprende quattro direzioni principali:<\/p>\n<ul>\n<li>Direzione dell&#8217;Istruzione<\/li>\n<li>Direzione della formazione ICT (compresa l&#8217;UNIT\u00c0 A VAPORE, CENTRO DI SUPPORTO DIGITALE ONE STOP, e UNIT\u00c0 di formazione europea)<\/li>\n<li>Direzione della ricerca<\/li>\n<li>Direzione sviluppo software<\/li>\n<\/ul>\n<p>Sito web: <a href=\"http:\/\/www.emphasyscentre.com\/\">http:\/\/www.emphasyscentre.com\/<\/a><\/p>\n<hr \/>\n<p><img loading=\"lazy\" decoding=\"async\" class=\"size-full wp-image-82 aligncenter\" src=\"https:\/\/newworkculture.erasmus.site\/wp-content\/uploads\/2022\/07\/fcb.png\" alt=\"\" width=\"300\" height=\"300\" srcset=\"https:\/\/newworkculture.erasmus.site\/wp-content\/uploads\/2022\/07\/fcb.png 300w, https:\/\/newworkculture.erasmus.site\/wp-content\/uploads\/2022\/07\/fcb-150x150.png 150w\" sizes=\"(max-width: 300px) 100vw, 300px\" \/><\/p>\n<p style=\"text-align: center;\"><strong>Forum Citoyens \u2013 Burgers asbl<\/strong><\/p>\n<p>FCB \u00e8 una ONG con sede in Belgio che punta a sviluppare e promuovere la formazione e l\u2019educazione degli adulti, in particolare a Bruxelles e nel mondo nelle regioni francofone. \u00c8 stata istituita nel 2019 per soddisfare le esigenze di tutti i cittadini che desiderassero partecipare ad attivit\u00e0 di apprendimento al fine di aumentare la cittadinanza attiva.<\/p>\n<p>FCB mira a costruire, attraverso l&#8217;istruzione, la formazione e la lotta alle disuguaglianze, le condizioni per l&#8217;emancipazione delle persone e una cittadinanza attiva, senza alcuna esclusione.<br \/>\n<a href=\"https:\/\/forumcitoyens.be\/\">https:\/\/forumcitoyens.be\/<\/a><\/p>\n<hr \/>\n<p><img loading=\"lazy\" decoding=\"async\" class=\"size-full wp-image-83 aligncenter\" src=\"https:\/\/newworkculture.erasmus.site\/wp-content\/uploads\/2022\/07\/gdoce.png\" alt=\"\" width=\"300\" height=\"300\" srcset=\"https:\/\/newworkculture.erasmus.site\/wp-content\/uploads\/2022\/07\/gdoce.png 300w, https:\/\/newworkculture.erasmus.site\/wp-content\/uploads\/2022\/07\/gdoce-150x150.png 150w\" sizes=\"(max-width: 300px) 100vw, 300px\" \/><\/p>\n<p style=\"text-align: center;\"><strong>G12 Grupo Empresarial de Servicios<\/strong><\/p>\n<p>GDOCE \u00e8 un ente che si occupa di Formazione Professionale Continua e si impegna a sviluppare attivit\u00e0 nei settori dell&#8217;istruzione, della formazione, della giovent\u00f9 e dello sport e anche nella progettazione e nello sviluppo di corsi di formazione per diversi gruppi target, per promuovere l&#8217;inclusione lavorativa e le opportunit\u00e0 educative.<\/p>\n<p>Sito web: <a href=\"http:\/\/www.gdoce.es\/\">http:\/\/www.gdoce.es\/<\/a><\/p>\n<hr \/>\n<p><img loading=\"lazy\" decoding=\"async\" class=\"size-full wp-image-84 aligncenter\" src=\"https:\/\/newworkculture.erasmus.site\/wp-content\/uploads\/2022\/07\/medoro.png\" alt=\"\" width=\"300\" height=\"300\" srcset=\"https:\/\/newworkculture.erasmus.site\/wp-content\/uploads\/2022\/07\/medoro.png 300w, https:\/\/newworkculture.erasmus.site\/wp-content\/uploads\/2022\/07\/medoro-150x150.png 150w\" sizes=\"(max-width: 300px) 100vw, 300px\" \/><\/p>\n<p style=\"text-align: center;\"><strong>Med.O.R.O. scarl<\/strong><\/p>\n<p>Medoro \u00e8 un consorzio, la cui missione \u00e8 promuovere la coesione sociale, lo sviluppo locale sostenibile, la cooperazione internazionale e soprattutto l&#8217;emancipazione dei giovani attraverso attivit\u00e0 di formazione, istruzione e lavoro autonomo. Medoro si impegna a promuovere il coinvolgimento delle istituzioni pubbliche e degli attori locali protagonisti dei processi di sviluppo e, in particolare, a facilitare la partecipazione dei principali attori coinvolti nella filiera \u201cistruzione\/formazione \u2013 lavoro\/imprenditorialit\u00e0\u201d alle iniziative di cooperazione, mobilit\u00e0 giovanile, valorizzazione dei settori di maggiore vocazione del nostro territorio, progettazione e sperimentazione di strumenti formativi europei innovativi e di valore.<\/p>\n<p>Sito web: <a href=\"about:blank\">www.medoroscarl.eu<\/a><\/p>","protected":false},"excerpt":{"rendered":"<p>Association de Gestion des Fonds Europ\u00e9ens \u2013 AGFE \u2013 Coordinatore del progetto Piattaforma di gestione e coordinamento per le azioni dei sistemi di stakeholder locali, l\u2019AGFE \u2013 Association de Gestion des Fonds Europ\u00e9ens (Associazione della Gestione dei Fondi Europei) &#8211; punta a rafforzare la coerenza e l\u2019efficacia degli interventi pubblici nel campo della formazione, dell\u2019occupazione&hellip;&nbsp;<\/p>\n","protected":false},"author":1,"featured_media":0,"parent":0,"menu_order":0,"comment_status":"closed","ping_status":"closed","template":"","meta":{"neve_meta_sidebar":"","neve_meta_container":"","neve_meta_enable_content_width":"off","neve_meta_content_width":100,"neve_meta_title_alignment":"","neve_meta_author_avatar":"","neve_post_elements_order":"","neve_meta_disable_header":"","neve_meta_disable_footer":"","neve_meta_disable_title":"","footnotes":""},"class_list":["post-45","page","type-page","status-publish","hentry"],"_links":{"self":[{"href":"https:\/\/newworkculture.erasmus.site\/it\/wp-json\/wp\/v2\/pages\/45","targetHints":{"allow":["GET"]}}],"collection":[{"href":"https:\/\/newworkculture.erasmus.site\/it\/wp-json\/wp\/v2\/pages"}],"about":[{"href":"https:\/\/newworkculture.erasmus.site\/it\/wp-json\/wp\/v2\/types\/page"}],"author":[{"embeddable":true,"href":"https:\/\/newworkculture.erasmus.site\/it\/wp-json\/wp\/v2\/users\/1"}],"replies":[{"embeddable":true,"href":"https:\/\/newworkculture.erasmus.site\/it\/wp-json\/wp\/v2\/comments?post=45"}],"version-history":[{"count":12,"href":"https:\/\/newworkculture.erasmus.site\/it\/wp-json\/wp\/v2\/pages\/45\/revisions"}],"predecessor-version":[{"id":191,"href":"https:\/\/newworkculture.erasmus.site\/it\/wp-json\/wp\/v2\/pages\/45\/revisions\/191"}],"wp:attachment":[{"href":"https:\/\/newworkculture.erasmus.site\/it\/wp-json\/wp\/v2\/media?parent=45"}],"curies":[{"name":"wp","href":"https:\/\/api.w.org\/{rel}","templated":true}]}}