{"id":15,"date":"2022-07-11T16:10:03","date_gmt":"2022-07-11T16:10:03","guid":{"rendered":"https:\/\/newworkculture.erasmus.site\/?page_id=15"},"modified":"2024-04-22T15:12:17","modified_gmt":"2024-04-22T15:12:17","slug":"home","status":"publish","type":"page","link":"https:\/\/newworkculture.erasmus.site\/fr\/","title":{"rendered":"Home"},"content":{"rendered":"\t\t<div data-elementor-type=\"wp-page\" data-elementor-id=\"15\" class=\"elementor elementor-15\">\n\t\t\t\t\t\t<section class=\"elementor-section elementor-top-section elementor-element elementor-element-b25ff95 elementor-section-height-full elementor-section-boxed elementor-section-height-default elementor-section-items-middle\" data-id=\"b25ff95\" data-element_type=\"section\" data-e-type=\"section\" data-settings=\"{&quot;background_background&quot;:&quot;classic&quot;}\">\n\t\t\t\t\t\t<div class=\"elementor-container elementor-column-gap-default\">\n\t\t\t\t\t<div class=\"elementor-column elementor-col-100 elementor-top-column elementor-element elementor-element-7ca8772 elementor-invisible\" data-id=\"7ca8772\" data-element_type=\"column\" data-e-type=\"column\" data-settings=\"{&quot;animation&quot;:&quot;fadeIn&quot;}\">\n\t\t\t<div class=\"elementor-widget-wrap elementor-element-populated\">\n\t\t\t\t\t\t<div class=\"elementor-element elementor-element-167bff6 elementor-widget elementor-widget-image\" data-id=\"167bff6\" data-element_type=\"widget\" data-e-type=\"widget\" data-widget_type=\"image.default\">\n\t\t\t\t<div class=\"elementor-widget-container\">\n\t\t\t\t\t\t\t\t\t\t\t\t\t\t\t<img fetchpriority=\"high\" decoding=\"async\" width=\"686\" height=\"218\" src=\"https:\/\/newworkculture.erasmus.site\/wp-content\/uploads\/2022\/07\/Logo_Final_2.png\" class=\"attachment-large size-large wp-image-32\" alt=\"\" srcset=\"https:\/\/newworkculture.erasmus.site\/wp-content\/uploads\/2022\/07\/Logo_Final_2.png 686w, https:\/\/newworkculture.erasmus.site\/wp-content\/uploads\/2022\/07\/Logo_Final_2-300x95.png 300w\" sizes=\"(max-width: 686px) 100vw, 686px\" \/>\t\t\t\t\t\t\t\t\t\t\t\t\t\t\t<\/div>\n\t\t\t\t<\/div>\n\t\t\t\t\t<\/div>\n\t\t<\/div>\n\t\t\t\t\t<\/div>\n\t\t<\/section>\n\t\t\t\t<section class=\"elementor-section elementor-top-section elementor-element elementor-element-55e6bb4 elementor-section-height-min-height elementor-section-boxed elementor-section-height-default elementor-section-items-middle\" data-id=\"55e6bb4\" data-element_type=\"section\" data-e-type=\"section\" data-settings=\"{&quot;background_background&quot;:&quot;classic&quot;}\">\n\t\t\t\t\t\t<div class=\"elementor-container elementor-column-gap-default\">\n\t\t\t\t\t<div class=\"elementor-column elementor-col-100 elementor-top-column elementor-element elementor-element-97756a8\" data-id=\"97756a8\" data-element_type=\"column\" data-e-type=\"column\">\n\t\t\t<div class=\"elementor-widget-wrap elementor-element-populated\">\n\t\t\t\t\t\t<div class=\"elementor-element elementor-element-b78ea76 elementor-widget elementor-widget-menu-anchor\" data-id=\"b78ea76\" data-element_type=\"widget\" data-e-type=\"widget\" data-widget_type=\"menu-anchor.default\">\n\t\t\t\t<div class=\"elementor-widget-container\">\n\t\t\t\t\t\t\t<div class=\"elementor-menu-anchor\" id=\"about\"><\/div>\n\t\t\t\t\t\t<\/div>\n\t\t\t\t<\/div>\n\t\t\t\t<div class=\"elementor-element elementor-element-d718fc3 elementor-widget elementor-widget-heading\" data-id=\"d718fc3\" data-element_type=\"widget\" data-e-type=\"widget\" data-widget_type=\"heading.default\">\n\t\t\t\t<div class=\"elementor-widget-container\">\n\t\t\t\t\t<h2 class=\"elementor-heading-title elementor-size-default\">\u00c0 PROPOS DU PROJET<\/h2>\t\t\t\t<\/div>\n\t\t\t\t<\/div>\n\t\t\t\t<section class=\"elementor-section elementor-inner-section elementor-element elementor-element-1660804 elementor-section-boxed elementor-section-height-default elementor-section-height-default\" data-id=\"1660804\" data-element_type=\"section\" data-e-type=\"section\">\n\t\t\t\t\t\t<div class=\"elementor-container elementor-column-gap-default\">\n\t\t\t\t\t<div class=\"elementor-column elementor-col-50 elementor-inner-column elementor-element elementor-element-59f9717\" data-id=\"59f9717\" data-element_type=\"column\" data-e-type=\"column\" data-settings=\"{&quot;background_background&quot;:&quot;classic&quot;}\">\n\t\t\t<div class=\"elementor-widget-wrap elementor-element-populated\">\n\t\t\t\t\t\t<div class=\"elementor-element elementor-element-d285930 elementor-widget elementor-widget-heading\" data-id=\"d285930\" data-element_type=\"widget\" data-e-type=\"widget\" data-widget_type=\"heading.default\">\n\t\t\t\t<div class=\"elementor-widget-container\">\n\t\t\t\t\t<h2 class=\"elementor-heading-title elementor-size-medium\">Le probl\u00e8me<\/h2>\t\t\t\t<\/div>\n\t\t\t\t<\/div>\n\t\t\t\t<div class=\"elementor-element elementor-element-ce80417 elementor-widget elementor-widget-text-editor\" data-id=\"ce80417\" data-element_type=\"widget\" data-e-type=\"widget\" data-widget_type=\"text-editor.default\">\n\t\t\t\t<div class=\"elementor-widget-container\">\n\t\t\t\t\t\t\t\t\t<p>Les lieux de travail deviennent de plus en plus flexibles et diversifi\u00e9s. Dans ce nouveau monde du travail aux avanc\u00e9es technologiques rapides, aliment\u00e9es par la crise du COVID 19, les entreprises ont d\u00fb r\u00e9ajuster leurs proc\u00e9dures, leurs structures et m\u00eame leur environnement de travail physique. Le travail a pris une nouvelle tournure avec la perc\u00e9e du t\u00e9l\u00e9travail. Les organisations, les formateurs et les travailleurs doivent maintenant envisager de nouvelles fa\u00e7ons de travailler ensemble autour de la flexibilit\u00e9 au travail. Ce projet s\u2019inscrit dans une volont\u00e9 commune de fournir aux professionnels le savoir-faire et les outils n\u00e9cessaires pour s\u2019adapter \u00e0 la construction d\u2019une nouvelle culture de travail.<\/p>\t\t\t\t\t\t\t\t<\/div>\n\t\t\t\t<\/div>\n\t\t\t\t\t<\/div>\n\t\t<\/div>\n\t\t\t\t<div class=\"elementor-column elementor-col-50 elementor-inner-column elementor-element elementor-element-c112f52\" data-id=\"c112f52\" data-element_type=\"column\" data-e-type=\"column\" data-settings=\"{&quot;background_background&quot;:&quot;classic&quot;}\">\n\t\t\t<div class=\"elementor-widget-wrap elementor-element-populated\">\n\t\t\t\t\t\t<div class=\"elementor-element elementor-element-a9b4379 elementor-widget elementor-widget-heading\" data-id=\"a9b4379\" data-element_type=\"widget\" data-e-type=\"widget\" data-widget_type=\"heading.default\">\n\t\t\t\t<div class=\"elementor-widget-container\">\n\t\t\t\t\t<h2 class=\"elementor-heading-title elementor-size-medium\">L\u2019objectif<\/h2>\t\t\t\t<\/div>\n\t\t\t\t<\/div>\n\t\t\t\t<div class=\"elementor-element elementor-element-8134186 elementor-widget elementor-widget-text-editor\" data-id=\"8134186\" data-element_type=\"widget\" data-e-type=\"widget\" data-widget_type=\"text-editor.default\">\n\t\t\t\t<div class=\"elementor-widget-container\">\n\t\t\t\t\t\t\t\t\t<p><\/p><p>NWC est un projet Erasmus + qui fixe l\u2019objectif global de renforcer les capacit\u00e9s des PME de l\u2019UE, des professionnels de l\u2019EFP et des employ\u00e9s \u00e0 soutenir la transformation num\u00e9rique, en assurant la co-conception par les parties prenantes de solutions innovantes, pour la gestion des \u00e9quipes et des personnes dans un environnement de travail \u00e0 distance.<\/p><p>Le projet de partenariat NWC rassemble 7 organisations de 7 pays (Pologne, France, Belgique, Italie, Pays-Bas, Chypre et Espagne) pour fournir un espace de r\u00e9flexion et un cadre de formation sur une nouvelle fa\u00e7on de travailler plus flexible.<\/p><p>Le projet NWC est bas\u00e9 sur l\u2019id\u00e9e que les professionnels, les travailleurs et les RH doivent acqu\u00e9rir un savoir-faire, des comp\u00e9tences g\u00e9n\u00e9rales et des comp\u00e9tences g\u00e9n\u00e9rales pour s\u2019adapter \u00e0 un monde du travail en mutation.<\/p>\t\t\t\t\t\t\t\t<\/div>\n\t\t\t\t<\/div>\n\t\t\t\t\t<\/div>\n\t\t<\/div>\n\t\t\t\t\t<\/div>\n\t\t<\/section>\n\t\t\t\t\t<\/div>\n\t\t<\/div>\n\t\t\t\t\t<\/div>\n\t\t<\/section>\n\t\t\t\t<\/div>\n\t\t","protected":false},"excerpt":{"rendered":"<p>\u00c0 PROPOS DU PROJET Le probl\u00e8me Les lieux de travail deviennent de plus en plus flexibles et diversifi\u00e9s. Dans ce nouveau monde du travail aux avanc\u00e9es technologiques rapides, aliment\u00e9es par la crise du COVID 19, les entreprises ont d\u00fb r\u00e9ajuster leurs proc\u00e9dures, leurs structures et m\u00eame leur environnement de travail physique. Le travail a pris&hellip;&nbsp;<\/p>\n","protected":false},"author":1,"featured_media":0,"parent":0,"menu_order":0,"comment_status":"closed","ping_status":"closed","template":"page-templates\/template-pagebuilder-full-width.php","meta":{"neve_meta_sidebar":"","neve_meta_container":"","neve_meta_enable_content_width":"off","neve_meta_content_width":100,"neve_meta_title_alignment":"","neve_meta_author_avatar":"","neve_post_elements_order":"","neve_meta_disable_header":"","neve_meta_disable_footer":"","neve_meta_disable_title":"on","footnotes":""},"class_list":["post-15","page","type-page","status-publish","hentry"],"_links":{"self":[{"href":"https:\/\/newworkculture.erasmus.site\/fr\/wp-json\/wp\/v2\/pages\/15","targetHints":{"allow":["GET"]}}],"collection":[{"href":"https:\/\/newworkculture.erasmus.site\/fr\/wp-json\/wp\/v2\/pages"}],"about":[{"href":"https:\/\/newworkculture.erasmus.site\/fr\/wp-json\/wp\/v2\/types\/page"}],"author":[{"embeddable":true,"href":"https:\/\/newworkculture.erasmus.site\/fr\/wp-json\/wp\/v2\/users\/1"}],"replies":[{"embeddable":true,"href":"https:\/\/newworkculture.erasmus.site\/fr\/wp-json\/wp\/v2\/comments?post=15"}],"version-history":[{"count":61,"href":"https:\/\/newworkculture.erasmus.site\/fr\/wp-json\/wp\/v2\/pages\/15\/revisions"}],"predecessor-version":[{"id":187,"href":"https:\/\/newworkculture.erasmus.site\/fr\/wp-json\/wp\/v2\/pages\/15\/revisions\/187"}],"wp:attachment":[{"href":"https:\/\/newworkculture.erasmus.site\/fr\/wp-json\/wp\/v2\/media?parent=15"}],"curies":[{"name":"wp","href":"https:\/\/api.w.org\/{rel}","templated":true}]}}